{"id":68545,"date":"2025-09-25T19:50:24","date_gmt":"2025-09-25T17:50:24","guid":{"rendered":"https:\/\/labutte.fr\/?page_id=68545"},"modified":"2025-09-26T10:53:54","modified_gmt":"2025-09-26T08:53:54","slug":"book-a-table-at-the-comptoir","status":"publish","type":"page","link":"https:\/\/labutte.fr\/en\/book-a-table-at-the-comptoir\/","title":{"rendered":"Book a table at the Comptoir"},"content":{"rendered":"<div class=\"wpb-content-wrapper\"><p>[vc_row][vc_column]<div class=\"ult-spacer spacer-69d8a5e532791\" data-id=\"69d8a5e532791\" data-height=\"60\" data-height-mobile=\"60\" data-height-tab=\"60\" data-height-tab-portrait=\"\" data-height-mobile-landscape=\"\" style=\"clear:both;display:block;\"><\/div>[\/vc_column][\/vc_row][vc_row full_width=&#8221;stretch_row_content_no_spaces&#8221;][vc_column][vc_raw_html css=&#8221;&#8221;]JTNDaWZyYW1lJTIwc3JjJTNEJTI3aHR0cHMlM0ElMkYlMkZpYi5ndWVzdG9ubGluZS5mciUyRmluc3RhYm9vayUyRmJvb2tpbmdzJTJGVVI0RHV5aSUyRiUzRmxvY2FsZSUzRGVuJTIwJTI3JTIwd2lkdGglM0QlMjcxMDAlMjUlMjclMjBoZWlnaHQlM0QlMjcxMjAwcHglMjclMjBmcmFtZWJvcmRlciUzRCUyNzAlMjclMjBhbGxvd1RyYW5zcGFyZW5jeSUzRCUyN3RydWUlMjclMjBzY3JvbGxpbmclM0QlMjd5ZXMlMjclMjAlM0UlM0MlMkZpZnJhbWUlM0U=[\/vc_raw_html][\/vc_column][\/vc_row][vc_row disable_element=&#8221;yes&#8221;][vc_column]<div class=\"ult-spacer spacer-69d8a5e53281f\" data-id=\"69d8a5e53281f\" data-height=\"10\" data-height-mobile=\"10\" data-height-tab=\"10\" data-height-tab-portrait=\"\" data-height-mobile-landscape=\"\" style=\"clear:both;display:block;\"><\/div>[vc_single_image image=&#8221;34&#8243; img_size=&#8221;full&#8221; alignment=&#8221;center&#8221;]<div class=\"ult-spacer spacer-69d8a5e53287a\" data-id=\"69d8a5e53287a\" data-height=\"10\" data-height-mobile=\"10\" data-height-tab=\"10\" data-height-tab-portrait=\"\" data-height-mobile-landscape=\"\" style=\"clear:both;display:block;\"><\/div><div class=\"ult-spacer spacer-69d8a5e5328cc\" data-id=\"69d8a5e5328cc\" data-height=\"10\" data-height-mobile=\"10\" data-height-tab=\"10\" data-height-tab-portrait=\"\" data-height-mobile-landscape=\"\" style=\"clear:both;display:block;\"><\/div>[vc_row_inner][vc_column_inner width=&#8221;1\/4&#8243;][\/vc_column_inner][vc_column_inner width=&#8221;1\/2&#8243;][vc_column_text]<\/p>\n<p style=\"text-align: center;\"><strong>La salle b\u00e9n\u00e9ficie d\u2019une vue exceptionnelle sur la mer et la campagne.<\/strong><\/p>\n<p style=\"text-align: center;\">Nous avons fait le choix, par conviction et par amour de la culture locale, d\u2019y faire la part belle aux m\u00e9tiers de la mer, dans une atmosph\u00e8re qui incarne la richesse et la po\u00e9sie de ce tissage unique au Finist\u00e8re qui relie si bien les traditions humaines aux \u00e9l\u00e9ments.<\/p>\n<p>[\/vc_column_text][\/vc_column_inner][vc_column_inner width=&#8221;1\/4&#8243;][\/vc_column_inner][\/vc_row_inner]<div class=\"ult-spacer spacer-69d8a5e53291c\" data-id=\"69d8a5e53291c\" data-height=\"10\" data-height-mobile=\"10\" data-height-tab=\"10\" data-height-tab-portrait=\"\" data-height-mobile-landscape=\"\" style=\"clear:both;display:block;\"><\/div>[vc_row_inner][vc_column_inner][vc_raw_html css=&#8221;&#8221;]JTNDaWZyYW1lJTIwc3JjJTNEJTI3aHR0cHMlM0ElMkYlMkZpYi5ndWVzdG9ubGluZS5mciUyRmluc3RhYm9vayUyRmJvb2tpbmdzJTJGVVI0RHV5aSUyNyUyMHdpZHRoJTNEJTI3MTIwMHB4JTI3JTIwaGVpZ2h0JTNEJTI3MTIwMHB4JTI3JTIwZnJhbWVib3JkZXIlM0QlMjcwJTI3JTIwYWxsb3dUcmFuc3BhcmVuY3klM0QlMjd0cnVlJTI3JTIwc2Nyb2xsaW5nJTNEJTI3eWVzJTI3JTIwJTNFJTNDJTJGaWZyYW1lJTNF[\/vc_raw_html][\/vc_column_inner][\/vc_row_inner][vc_row_inner][vc_column_inner width=&#8221;1\/4&#8243;][\/vc_column_inner][vc_column_inner width=&#8221;1\/2&#8243;]<div class=\"ult-spacer spacer-69d8a5e53297f\" data-id=\"69d8a5e53297f\" data-height=\"30\" data-height-mobile=\"30\" data-height-tab=\"30\" data-height-tab-portrait=\"\" data-height-mobile-landscape=\"\" style=\"clear:both;display:block;\"><\/div>[vc_column_text css=&#8221;&#8221;]<\/p>\n<h2 style=\"text-align: left;\">La Table des Chefs<\/h2>\n<p>[\/vc_column_text]<div class=\"ult-spacer spacer-69d8a5e5329d0\" data-id=\"69d8a5e5329d0\" data-height=\"50\" data-height-mobile=\"50\" data-height-tab=\"50\" data-height-tab-portrait=\"\" data-height-mobile-landscape=\"\" style=\"clear:both;display:block;\"><\/div>[vc_single_image image=&#8221;54920&#8243; img_size=&#8221;large&#8221; css=&#8221;&#8221;]<div class=\"ult-spacer spacer-69d8a5e532a18\" data-id=\"69d8a5e532a18\" data-height=\"50\" data-height-mobile=\"50\" data-height-tab=\"50\" data-height-tab-portrait=\"\" data-height-mobile-landscape=\"\" style=\"clear:both;display:block;\"><\/div>[vc_column_text css=&#8221;&#8221;]Profitez d&#8217;une <strong>exp\u00e9rience gustative immersive <\/strong>dans nos cuisines en r\u00e9servant notre Table des Chefs.[\/vc_column_text]<div class=\"ult-spacer spacer-69d8a5e532a5e\" data-id=\"69d8a5e532a5e\" data-height=\"50\" data-height-mobile=\"50\" data-height-tab=\"50\" data-height-tab-portrait=\"\" data-height-mobile-landscape=\"\" style=\"clear:both;display:block;\"><\/div>[vc_column_text css=&#8221;&#8221;]Vous \u00eates convi\u00e9s au c\u0153ur de notre cuisine au plus pr\u00e8s des chefs et de la brigade.<\/p>\n<p>Vous assisterez \u00e0 la pr\u00e9paration de votre menu et vous vivrez pleinement le service pour \u00e9veiller tous vos sens.<\/p>\n<p>Profitez de notre table d&#8217;h\u00f4te unique et d\u00e9gustez un menu d&#8217;exception propos\u00e9 au prix de 180 \u20ac par personne (hors boissons) pour 2 \u00e0 4 personnes.<\/p>\n<p><strong>(Heure d&#8217;arriv\u00e9e 19h15 au plus tard)<\/strong><\/p>\n<p>R\u00e9servation<strong> par t\u00e9l\u00e9phone au 02 98 25 40 54<\/strong> ou <strong>via le module ci-dessus<\/strong>[\/vc_column_text]<div class=\"ult-spacer spacer-69d8a5e532aa5\" data-id=\"69d8a5e532aa5\" data-height=\"50\" data-height-mobile=\"50\" data-height-tab=\"50\" data-height-tab-portrait=\"\" data-height-mobile-landscape=\"\" style=\"clear:both;display:block;\"><\/div>[\/vc_column_inner][vc_column_inner width=&#8221;1\/4&#8243;][\/vc_column_inner][\/vc_row_inner]<div class=\"ult-spacer spacer-69d8a5e532aff\" data-id=\"69d8a5e532aff\" data-height=\"60\" data-height-mobile=\"60\" data-height-tab=\"60\" data-height-tab-portrait=\"\" data-height-mobile-landscape=\"\" style=\"clear:both;display:block;\"><\/div>[\/vc_column][\/vc_row][vc_row][vc_column][\/vc_column][\/vc_row][vc_row full_width=&#8221;stretch_row_content&#8221; css=&#8221;.vc_custom_1613462158369{margin-top: 0px !important;margin-right: 0px !important;margin-bottom: 0px !important;margin-left: 0px !important;padding-top: 0px !important;padding-right: 0px !important;padding-bottom: 0px !important;padding-left: 0px !important;}&#8221;][vc_column css=&#8221;.vc_custom_1613462225522{margin-top: 0px !important;margin-right: 0px !important;margin-bottom: 0px !important;margin-left: 0px !important;padding-top: 0px !important;padding-right: 0px !important;padding-bottom: 0px !important;padding-left: 0px !important;}&#8221;][vc_column_text]<div class=\"sbvcgmap-map-wrapper\" style=\"width:100%;height:400px\"><div class=\"sbvcgmap-map\" zoom=\"7\" maptype=\"ROADMAP\" panoramatogglebutton=\"no\" pancontrol=\"no\" pancontrol_position=\"TOP_LEFT\" zoomcontrol=\"no\" zoomcontrol_position=\"TOP_LEFT\" zoomcontrolstyle=\"SMALL\" maptypecontrol=\"no\" maptypecontrol_position=\"TOP_RIGHT\" streetviewcontrol=\"no\" streetviewcontrol_position=\"TOP_LEFT\" overviewmapcontrol=\"no\" overviewmapcontrolvisible=\"no\" maptypecontrolstyle=\"DROPDOWN_MENU\" mapstyle=\"style-32\" weather=\"no\" traffic=\"no\" transit=\"no\" bicycle=\"no\" panoramio=\"no\" draggable=\"yes\" scrollwheel=\"no\" cplatitude=\"48.610912826051\" cplongitude=\"-4.2985448017797\" scalecontrol=\"no\" searchtype=\"disabled\" searchradius=\"500\" searchiconanimation=\"NONE\" searchdirectiontext=\"\" reloadonresize=\"no\" clustering=\"no\" style=\"width:100%;height:400px\"><div class=\"sbvcgmap-marker\" data-lat=\"48.610912826051\" data-lng=\"-4.2985448017797\" infowindow=\"no\" icon=\"https:\/\/labutte.fr\/wp-content\/uploads\/2021\/02\/pins-La-Butte-1.png\" animation=\"NONE\" customstyles=\"no\" ><\/div><\/div><\/div>[\/vc_column_text][\/vc_column][\/vc_row][vc_row full_width=&#8221;stretch_row&#8221; css=&#8221;.vc_custom_1663941572489{margin-bottom: -20px !important;background-color: #a7b2ae !important;}&#8221;][vc_column width=&#8221;1\/3&#8243;][\/vc_column][vc_column width=&#8221;1\/3&#8243;]<div class=\"ult-spacer spacer-69d8a5e5331d8\" data-id=\"69d8a5e5331d8\" data-height=\"20\" data-height-mobile=\"20\" data-height-tab=\"20\" data-height-tab-portrait=\"\" data-height-mobile-landscape=\"\" style=\"clear:both;display:block;\"><\/div>[vc_row_inner][vc_column_inner width=&#8221;1\/3&#8243; css=&#8221;.vc_custom_1663941651352{margin-bottom: 0px !important;padding-bottom: 0px !important;}&#8221; offset=&#8221;vc_col-xs-4&#8243;][vc_single_image image=&#8221;21116&#8243; img_size=&#8221;full&#8221; alignment=&#8221;center&#8221;][\/vc_column_inner][vc_column_inner width=&#8221;1\/3&#8243; css=&#8221;.vc_custom_1663941660476{margin-bottom: 0px !important;padding-bottom: 0px !important;}&#8221; offset=&#8221;vc_col-xs-4&#8243;][vc_single_image image=&#8221;21118&#8243; img_size=&#8221;full&#8221; alignment=&#8221;center&#8221;][\/vc_column_inner][vc_column_inner width=&#8221;1\/3&#8243; css=&#8221;.vc_custom_1663941668750{margin-bottom: 0px !important;padding-bottom: 0px !important;}&#8221; offset=&#8221;vc_col-xs-4&#8243;][vc_single_image image=&#8221;21120&#8243; img_size=&#8221;full&#8221; alignment=&#8221;center&#8221;][\/vc_column_inner][\/vc_row_inner][\/vc_column][vc_column width=&#8221;1\/3&#8243;][\/vc_column][\/vc_row]<\/p>\n<\/div>","protected":false},"excerpt":{"rendered":"<p>[vc_row][vc_column][\/vc_column][\/vc_row][vc_row full_width=&#8221;stretch_row_content_no_spaces&#8221;][vc_column][vc_raw_html css=&#8221;&#8221;]JTNDaWZyYW1lJTIwc3JjJTNEJTI3aHR0cHMlM0ElMkYlMkZpYi5ndWVzdG9ubGluZS5mciUyRmluc3RhYm9vayUyRmJvb2tpbmdzJTJGVVI0RHV5aSUyRiUzRmxvY2FsZSUzRGVuJTIwJTI3JTIwd2lkdGglM0QlMjcxMDAlMjUlMjclMjBoZWlnaHQlM0QlMjcxMjAwcHglMjclMjBmcmFtZWJvcmRlciUzRCUyNzAlMjclMjBhbGxvd1RyYW5zcGFyZW5jeSUzRCUyN3RydWUlMjclMjBzY3JvbGxpbmclM0QlMjd5ZXMlMjclMjAlM0UlM0MlMkZpZnJhbWUlM0U=[\/vc_raw_html][\/vc_column][\/vc_row][vc_row disable_element=&#8221;yes&#8221;][vc_column][vc_single_image image=&#8221;34&#8243; img_size=&#8221;full&#8221; alignment=&#8221;center&#8221;][vc_row_inner][vc_column_inner width=&#8221;1\/4&#8243;][\/vc_column_inner][vc_column_inner width=&#8221;1\/2&#8243;][vc_column_text] La salle b\u00e9n\u00e9ficie d\u2019une vue exceptionnelle sur la mer et la campagne. Nous avons fait le choix, par conviction et par amour de la culture locale, d\u2019y faire la part belle aux m\u00e9tiers de la mer, dans une atmosph\u00e8re qui incarne la richesse et la po\u00e9sie&hellip;<\/p>\n","protected":false},"author":1,"featured_media":0,"parent":0,"menu_order":0,"comment_status":"closed","ping_status":"closed","template":"","meta":{"footnotes":""},"class_list":["post-68545","page","type-page","status-publish","hentry","description-off"],"_links":{"self":[{"href":"https:\/\/labutte.fr\/en\/wp-json\/wp\/v2\/pages\/68545","targetHints":{"allow":["GET"]}}],"collection":[{"href":"https:\/\/labutte.fr\/en\/wp-json\/wp\/v2\/pages"}],"about":[{"href":"https:\/\/labutte.fr\/en\/wp-json\/wp\/v2\/types\/page"}],"author":[{"embeddable":true,"href":"https:\/\/labutte.fr\/en\/wp-json\/wp\/v2\/users\/1"}],"replies":[{"embeddable":true,"href":"https:\/\/labutte.fr\/en\/wp-json\/wp\/v2\/comments?post=68545"}],"version-history":[{"count":2,"href":"https:\/\/labutte.fr\/en\/wp-json\/wp\/v2\/pages\/68545\/revisions"}],"predecessor-version":[{"id":68547,"href":"https:\/\/labutte.fr\/en\/wp-json\/wp\/v2\/pages\/68545\/revisions\/68547"}],"wp:attachment":[{"href":"https:\/\/labutte.fr\/en\/wp-json\/wp\/v2\/media?parent=68545"}],"curies":[{"name":"wp","href":"https:\/\/api.w.org\/{rel}","templated":true}]}}